{"id":1112,"date":"2020-11-03T19:58:44","date_gmt":"2020-11-03T18:58:44","guid":{"rendered":"https:\/\/casabalmes.com\/home\/"},"modified":"2025-02-10T13:56:44","modified_gmt":"2025-02-10T12:56:44","slug":"home","status":"publish","type":"page","link":"https:\/\/casabalmes.com\/it\/","title":{"rendered":"Home"},"content":{"rendered":"\t\t<div data-elementor-type=\"wp-page\" data-elementor-id=\"1112\" class=\"elementor elementor-1112\">\n\t\t\t\t\t\t<section class=\"elementor-section elementor-top-section elementor-element elementor-element-339d3ae elementor-section-content-middle elementor-section-boxed elementor-section-height-default elementor-section-height-default\" data-id=\"339d3ae\" data-element_type=\"section\" data-e-type=\"section\">\n\t\t\t\t\t\t<div class=\"elementor-container elementor-column-gap-default\">\n\t\t\t\t\t<div class=\"elementor-column elementor-col-50 elementor-top-column elementor-element elementor-element-ba63019\" data-id=\"ba63019\" data-element_type=\"column\" data-e-type=\"column\">\n\t\t\t<div class=\"elementor-widget-wrap elementor-element-populated\">\n\t\t\t\t\t\t<div class=\"elementor-element elementor-element-37a4dfa elementor-widget elementor-widget-heading\" data-id=\"37a4dfa\" data-element_type=\"widget\" data-e-type=\"widget\" data-widget_type=\"heading.default\">\n\t\t\t\t<div class=\"elementor-widget-container\">\n\t\t\t\t\t<h2 class=\"elementor-heading-title elementor-size-default\">Vivi il Mediterraneo, vivi in \u200b\u200buna delle citt\u00e0 pi\u00f9 cosmopolite del mondo.<\/h2>\t\t\t\t<\/div>\n\t\t\t\t<\/div>\n\t\t\t\t<section class=\"elementor-section elementor-inner-section elementor-element elementor-element-72d551b elementor-section-boxed elementor-section-height-default elementor-section-height-default\" data-id=\"72d551b\" data-element_type=\"section\" data-e-type=\"section\">\n\t\t\t\t\t\t<div class=\"elementor-container elementor-column-gap-default\">\n\t\t\t\t\t<div class=\"elementor-column elementor-col-100 elementor-inner-column elementor-element elementor-element-8ac8c54\" data-id=\"8ac8c54\" data-element_type=\"column\" data-e-type=\"column\">\n\t\t\t<div class=\"elementor-widget-wrap elementor-element-populated\">\n\t\t\t\t\t\t<div class=\"elementor-element elementor-element-02fca1a elementor-widget elementor-widget-text-editor\" data-id=\"02fca1a\" data-element_type=\"widget\" data-e-type=\"widget\" data-widget_type=\"text-editor.default\">\n\t\t\t\t<div class=\"elementor-widget-container\">\n\t\t\t\t\t\t\t\t\t<p>Vieni a Barcellona, \u200b\u200bla tua citt\u00e0. Potrete godere di una vasta gamma di attivit\u00e0 culturali, gastronomiche e artistiche. Barcellona non lascia nessuno indifferente e allo stesso tempo seduce qualsiasi visitatore.<\/p>\n<p>Scoprite Gaud\u00ed, Picasso, Mir\u00f3, la cucina catalana e mediterranea, oppure partecipate a uno dei numerosi eventi che si svolgono durante tutto l&#8217;anno: sport, musica, gay pride, fiere, bicing, congressi&#8230; senza dimenticare la vivace vita notturna di Barcellona.<\/p>\n\t\t\t\t\t\t\t\t<\/div>\n\t\t\t\t<\/div>\n\t\t\t\t\t<\/div>\n\t\t<\/div>\n\t\t\t\t\t<\/div>\n\t\t<\/section>\n\t\t\t\t\t<\/div>\n\t\t<\/div>\n\t\t\t\t<div class=\"elementor-column elementor-col-50 elementor-top-column elementor-element elementor-element-40f26da\" data-id=\"40f26da\" data-element_type=\"column\" data-e-type=\"column\">\n\t\t\t<div class=\"elementor-widget-wrap elementor-element-populated\">\n\t\t\t\t\t\t<div class=\"elementor-element elementor-element-ae8136a elementor-widget elementor-widget-image\" data-id=\"ae8136a\" data-element_type=\"widget\" data-e-type=\"widget\" data-widget_type=\"image.default\">\n\t\t\t\t<div class=\"elementor-widget-container\">\n\t\t\t\t\t\t\t\t\t\t\t\t\t\t\t<img fetchpriority=\"high\" decoding=\"async\" width=\"1120\" height=\"810\" src=\"https:\/\/casabalmes.com\/wp-content\/uploads\/2024\/12\/barcelona2-1220-2.jpg\" class=\"attachment-full size-full wp-image-600\" alt=\"\" srcset=\"https:\/\/casabalmes.com\/wp-content\/uploads\/2024\/12\/barcelona2-1220-2.jpg 1120w, https:\/\/casabalmes.com\/wp-content\/uploads\/2024\/12\/barcelona2-1220-2-300x217.jpg 300w, https:\/\/casabalmes.com\/wp-content\/uploads\/2024\/12\/barcelona2-1220-2-1024x741.jpg 1024w, https:\/\/casabalmes.com\/wp-content\/uploads\/2024\/12\/barcelona2-1220-2-768x555.jpg 768w, https:\/\/casabalmes.com\/wp-content\/uploads\/2024\/12\/barcelona2-1220-2-415x300.jpg 415w\" sizes=\"(max-width: 1120px) 100vw, 1120px\" \/>\t\t\t\t\t\t\t\t\t\t\t\t\t\t\t<\/div>\n\t\t\t\t<\/div>\n\t\t\t\t\t<\/div>\n\t\t<\/div>\n\t\t\t\t\t<\/div>\n\t\t<\/section>\n\t\t\t\t<section class=\"elementor-section elementor-top-section elementor-element elementor-element-a620c80 elementor-section-boxed elementor-section-height-default elementor-section-height-default\" data-id=\"a620c80\" data-element_type=\"section\" data-e-type=\"section\">\n\t\t\t\t\t\t<div class=\"elementor-container elementor-column-gap-default\">\n\t\t\t\t\t<div class=\"elementor-column elementor-col-100 elementor-top-column elementor-element elementor-element-26fb1a0\" data-id=\"26fb1a0\" data-element_type=\"column\" data-e-type=\"column\">\n\t\t\t<div class=\"elementor-widget-wrap elementor-element-populated\">\n\t\t\t\t\t\t<div class=\"elementor-element elementor-element-3146394 outlined elementor-widget elementor-widget-heading\" data-id=\"3146394\" data-element_type=\"widget\" data-e-type=\"widget\" data-widget_type=\"heading.default\">\n\t\t\t\t<div class=\"elementor-widget-container\">\n\t\t\t\t\t<h2 class=\"elementor-heading-title elementor-size-default\">first class services<\/h2>\t\t\t\t<\/div>\n\t\t\t\t<\/div>\n\t\t\t\t<div class=\"elementor-element elementor-element-672e651 elementor-widget elementor-widget-heading\" data-id=\"672e651\" data-element_type=\"widget\" data-e-type=\"widget\" data-widget_type=\"heading.default\">\n\t\t\t\t<div class=\"elementor-widget-container\">\n\t\t\t\t\t<h2 class=\"elementor-heading-title elementor-size-default\">Colazione<\/h2>\t\t\t\t<\/div>\n\t\t\t\t<\/div>\n\t\t\t\t\t<\/div>\n\t\t<\/div>\n\t\t\t\t\t<\/div>\n\t\t<\/section>\n\t\t\t\t<section class=\"elementor-section elementor-top-section elementor-element elementor-element-e2c48bb elementor-section-content-middle elementor-section-boxed elementor-section-height-default elementor-section-height-default\" data-id=\"e2c48bb\" data-element_type=\"section\" data-e-type=\"section\" data-settings=\"{&quot;background_background&quot;:&quot;classic&quot;}\">\n\t\t\t\t\t\t<div class=\"elementor-container elementor-column-gap-default\">\n\t\t\t\t\t<div class=\"elementor-column elementor-col-50 elementor-top-column elementor-element elementor-element-4d055f9\" data-id=\"4d055f9\" data-element_type=\"column\" data-e-type=\"column\">\n\t\t\t<div class=\"elementor-widget-wrap elementor-element-populated\">\n\t\t\t\t\t\t<section class=\"elementor-section elementor-inner-section elementor-element elementor-element-b0baf43 elementor-section-boxed elementor-section-height-default elementor-section-height-default\" data-id=\"b0baf43\" data-element_type=\"section\" data-e-type=\"section\">\n\t\t\t\t\t\t<div class=\"elementor-container elementor-column-gap-default\">\n\t\t\t\t\t<div class=\"elementor-column elementor-col-100 elementor-inner-column elementor-element elementor-element-a27c360\" data-id=\"a27c360\" data-element_type=\"column\" data-e-type=\"column\">\n\t\t\t<div class=\"elementor-widget-wrap elementor-element-populated\">\n\t\t\t\t\t\t<div class=\"elementor-element elementor-element-22ca1f0 elementor-widget elementor-widget-text-editor\" data-id=\"22ca1f0\" data-element_type=\"widget\" data-e-type=\"widget\" data-widget_type=\"text-editor.default\">\n\t\t\t\t<div class=\"elementor-widget-container\">\n\t\t\t\t\t\t\t\t\t<p>L&#8217;hotel offre a tutti gli ospiti una colazione gratuita composta da succhi di frutta, caff\u00e8, t\u00e8, pane tostato, marmellate, cereali e una selezione di prodotti da forno.<\/p>\n\t\t\t\t\t\t\t\t<\/div>\n\t\t\t\t<\/div>\n\t\t\t\t<div class=\"elementor-element elementor-element-4a537b9 elementor-widget elementor-widget-html\" data-id=\"4a537b9\" data-element_type=\"widget\" data-e-type=\"widget\" data-widget_type=\"html.default\">\n\t\t\t\t<div class=\"elementor-widget-container\">\n\t\t\t\t\t<a class=\"albatross-button\" href=\"https:\/\/casabalmes.com\/it\/servicios\/\">\r\n    <svg enable-background=\"new 0 0 30.99 6.99\" viewBox=\"0 0 30.99 6.99\" xml:space=\"preserve\" xmlns=\"http:\/\/www.w3.org\/2000\/svg\">\r\n            \t<rect y=\"3\" width=\"30\" height=\"1\"><\/rect><polyline points=\"26.78 0.68 28.18 2.08 29.58 3.48 26.8 6.26 \r\n            \t27.53 6.99 30.99 3.53 27.46 0\"><\/polyline><\/svg>\r\n            \tPer saperne di pi\u00f9\r\n<\/a>\t\t\t\t<\/div>\n\t\t\t\t<\/div>\n\t\t\t\t\t<\/div>\n\t\t<\/div>\n\t\t\t\t\t<\/div>\n\t\t<\/section>\n\t\t\t\t\t<\/div>\n\t\t<\/div>\n\t\t\t\t<div class=\"elementor-column elementor-col-50 elementor-top-column elementor-element elementor-element-98b131e\" data-id=\"98b131e\" data-element_type=\"column\" data-e-type=\"column\">\n\t\t\t<div class=\"elementor-widget-wrap elementor-element-populated\">\n\t\t\t\t\t\t<div class=\"elementor-element elementor-element-6cb7288 elementor-widget elementor-widget-image\" data-id=\"6cb7288\" data-element_type=\"widget\" data-e-type=\"widget\" data-widget_type=\"image.default\">\n\t\t\t\t<div class=\"elementor-widget-container\">\n\t\t\t\t\t\t\t\t\t\t\t\t\t\t\t<img decoding=\"async\" width=\"1440\" height=\"957\" src=\"https:\/\/casabalmes.com\/wp-content\/uploads\/2024\/12\/desayuno.jpg\" class=\"attachment-full size-full wp-image-558\" alt=\"\" srcset=\"https:\/\/casabalmes.com\/wp-content\/uploads\/2024\/12\/desayuno.jpg 1440w, https:\/\/casabalmes.com\/wp-content\/uploads\/2024\/12\/desayuno-300x199.jpg 300w, https:\/\/casabalmes.com\/wp-content\/uploads\/2024\/12\/desayuno-1024x681.jpg 1024w, https:\/\/casabalmes.com\/wp-content\/uploads\/2024\/12\/desayuno-768x510.jpg 768w, https:\/\/casabalmes.com\/wp-content\/uploads\/2024\/12\/desayuno-451x300.jpg 451w\" sizes=\"(max-width: 1440px) 100vw, 1440px\" \/>\t\t\t\t\t\t\t\t\t\t\t\t\t\t\t<\/div>\n\t\t\t\t<\/div>\n\t\t\t\t\t<\/div>\n\t\t<\/div>\n\t\t\t\t\t<\/div>\n\t\t<\/section>\n\t\t\t\t<section class=\"elementor-section elementor-top-section elementor-element elementor-element-30a19d2 elementor-section-boxed elementor-section-height-default elementor-section-height-default\" data-id=\"30a19d2\" data-element_type=\"section\" data-e-type=\"section\">\n\t\t\t\t\t\t<div class=\"elementor-container elementor-column-gap-default\">\n\t\t\t\t\t<div class=\"elementor-column elementor-col-100 elementor-top-column elementor-element elementor-element-c182eb9\" data-id=\"c182eb9\" data-element_type=\"column\" data-e-type=\"column\">\n\t\t\t<div class=\"elementor-widget-wrap elementor-element-populated\">\n\t\t\t\t\t\t<div class=\"elementor-element elementor-element-b3860d7 elementor-widget elementor-widget-heading\" data-id=\"b3860d7\" data-element_type=\"widget\" data-e-type=\"widget\" data-widget_type=\"heading.default\">\n\t\t\t\t<div class=\"elementor-widget-container\">\n\t\t\t\t\t<h2 class=\"elementor-heading-title elementor-size-default\">Servizio di ritiro<\/h2>\t\t\t\t<\/div>\n\t\t\t\t<\/div>\n\t\t\t\t\t<\/div>\n\t\t<\/div>\n\t\t\t\t\t<\/div>\n\t\t<\/section>\n\t\t\t\t<section class=\"elementor-section elementor-top-section elementor-element elementor-element-602805f elementor-section-content-middle elementor-section-boxed elementor-section-height-default elementor-section-height-default\" data-id=\"602805f\" data-element_type=\"section\" data-e-type=\"section\" data-settings=\"{&quot;background_background&quot;:&quot;classic&quot;}\">\n\t\t\t\t\t\t<div class=\"elementor-container elementor-column-gap-default\">\n\t\t\t\t\t<div class=\"elementor-column elementor-col-50 elementor-top-column elementor-element elementor-element-3ea76ff\" data-id=\"3ea76ff\" data-element_type=\"column\" data-e-type=\"column\">\n\t\t\t<div class=\"elementor-widget-wrap elementor-element-populated\">\n\t\t\t\t\t\t<section class=\"elementor-section elementor-inner-section elementor-element elementor-element-5a2f8d1 elementor-section-boxed elementor-section-height-default elementor-section-height-default\" data-id=\"5a2f8d1\" data-element_type=\"section\" data-e-type=\"section\">\n\t\t\t\t\t\t<div class=\"elementor-container elementor-column-gap-default\">\n\t\t\t\t\t<div class=\"elementor-column elementor-col-100 elementor-inner-column elementor-element elementor-element-d8bab77\" data-id=\"d8bab77\" data-element_type=\"column\" data-e-type=\"column\">\n\t\t\t<div class=\"elementor-widget-wrap elementor-element-populated\">\n\t\t\t\t\t\t<div class=\"elementor-element elementor-element-5efaafb elementor-widget elementor-widget-text-editor\" data-id=\"5efaafb\" data-element_type=\"widget\" data-e-type=\"widget\" data-widget_type=\"text-editor.default\">\n\t\t\t\t<div class=\"elementor-widget-container\">\n\t\t\t\t\t\t\t\t\t<p>Servizio di ritiro su appuntamento e pagamento del servizio, con veicolo Jaguar F-Pace.<\/p>\n\t\t\t\t\t\t\t\t<\/div>\n\t\t\t\t<\/div>\n\t\t\t\t<div class=\"elementor-element elementor-element-d0df40a elementor-widget elementor-widget-html\" data-id=\"d0df40a\" data-element_type=\"widget\" data-e-type=\"widget\" data-widget_type=\"html.default\">\n\t\t\t\t<div class=\"elementor-widget-container\">\n\t\t\t\t\t<a class=\"albatross-button\" href=\"https:\/\/casabalmes.com\/it\/servicios\/\">\r\n    <svg enable-background=\"new 0 0 30.99 6.99\" viewBox=\"0 0 30.99 6.99\" xml:space=\"preserve\" xmlns=\"http:\/\/www.w3.org\/2000\/svg\">\r\n            \t<rect y=\"3\" width=\"30\" height=\"1\"><\/rect><polyline points=\"26.78 0.68 28.18 2.08 29.58 3.48 26.8 6.26 \r\n            \t27.53 6.99 30.99 3.53 27.46 0\"><\/polyline><\/svg>\r\n            \tPer saperne di pi\u00f9\r\n<\/a>\t\t\t\t<\/div>\n\t\t\t\t<\/div>\n\t\t\t\t\t<\/div>\n\t\t<\/div>\n\t\t\t\t\t<\/div>\n\t\t<\/section>\n\t\t\t\t\t<\/div>\n\t\t<\/div>\n\t\t\t\t<div class=\"elementor-column elementor-col-50 elementor-top-column elementor-element elementor-element-2abbfdb\" data-id=\"2abbfdb\" data-element_type=\"column\" data-e-type=\"column\">\n\t\t\t<div class=\"elementor-widget-wrap elementor-element-populated\">\n\t\t\t\t\t\t<div class=\"elementor-element elementor-element-eccb6b4 elementor-widget elementor-widget-image\" data-id=\"eccb6b4\" data-element_type=\"widget\" data-e-type=\"widget\" data-widget_type=\"image.default\">\n\t\t\t\t<div class=\"elementor-widget-container\">\n\t\t\t\t\t\t\t\t\t\t\t\t\t\t\t<img decoding=\"async\" width=\"1160\" height=\"770\" src=\"https:\/\/casabalmes.com\/wp-content\/uploads\/2024\/12\/recogida.jpg\" class=\"attachment-full size-full wp-image-585\" alt=\"\" srcset=\"https:\/\/casabalmes.com\/wp-content\/uploads\/2024\/12\/recogida.jpg 1160w, https:\/\/casabalmes.com\/wp-content\/uploads\/2024\/12\/recogida-300x199.jpg 300w, https:\/\/casabalmes.com\/wp-content\/uploads\/2024\/12\/recogida-1024x680.jpg 1024w, https:\/\/casabalmes.com\/wp-content\/uploads\/2024\/12\/recogida-768x510.jpg 768w, https:\/\/casabalmes.com\/wp-content\/uploads\/2024\/12\/recogida-452x300.jpg 452w\" sizes=\"(max-width: 1160px) 100vw, 1160px\" \/>\t\t\t\t\t\t\t\t\t\t\t\t\t\t\t<\/div>\n\t\t\t\t<\/div>\n\t\t\t\t\t<\/div>\n\t\t<\/div>\n\t\t\t\t\t<\/div>\n\t\t<\/section>\n\t\t\t\t<section class=\"elementor-section elementor-top-section elementor-element elementor-element-6b99895 elementor-section-full_width elementor-section-height-default elementor-section-height-default\" data-id=\"6b99895\" data-element_type=\"section\" data-e-type=\"section\">\n\t\t\t\t\t\t<div class=\"elementor-container elementor-column-gap-default\">\n\t\t\t\t\t<div class=\"elementor-column elementor-col-100 elementor-top-column elementor-element elementor-element-29167e0\" data-id=\"29167e0\" data-element_type=\"column\" data-e-type=\"column\">\n\t\t\t<div class=\"elementor-widget-wrap elementor-element-populated\">\n\t\t\t\t\t\t<div class=\"elementor-element elementor-element-68361f0 elementor-widget elementor-widget-heading\" data-id=\"68361f0\" data-element_type=\"widget\" data-e-type=\"widget\" data-widget_type=\"heading.default\">\n\t\t\t\t<div class=\"elementor-widget-container\">\n\t\t\t\t\t<h2 class=\"elementor-heading-title elementor-size-default\">Camere<br><h5>Prenota dal nostro sito web e risparmia il 5%<\/h5><\/h2>\t\t\t\t<\/div>\n\t\t\t\t<\/div>\n\t\t\t\t<div class=\"elementor-element elementor-element-bc06498 elementor-widget elementor-widget-mphbe-rooms\" data-id=\"bc06498\" data-element_type=\"widget\" data-e-type=\"widget\" data-widget_type=\"mphbe-rooms.default\">\n\t\t\t\t<div class=\"elementor-widget-container\">\n\t\t\t\t\t<div class=\"mphb_sc_rooms-wrapper mphb-room-types slider\"><p class=\"mphb-not-found\">\n\tNessuna struttura trovata. Modifica i criteri di ricerca e riprova.<\/p>\n<\/div>\t\t\t\t<\/div>\n\t\t\t\t<\/div>\n\t\t\t\t\t<\/div>\n\t\t<\/div>\n\t\t\t\t\t<\/div>\n\t\t<\/section>\n\t\t\t\t<section class=\"elementor-section elementor-top-section elementor-element elementor-element-3b7e4ea elementor-section-boxed elementor-section-height-default elementor-section-height-default\" data-id=\"3b7e4ea\" data-element_type=\"section\" data-e-type=\"section\" data-settings=\"{&quot;background_background&quot;:&quot;classic&quot;}\">\n\t\t\t\t\t\t<div class=\"elementor-container elementor-column-gap-default\">\n\t\t\t\t\t<div class=\"elementor-column elementor-col-100 elementor-top-column elementor-element elementor-element-d55d21c\" data-id=\"d55d21c\" data-element_type=\"column\" data-e-type=\"column\">\n\t\t\t<div class=\"elementor-widget-wrap elementor-element-populated\">\n\t\t\t\t\t\t<div class=\"elementor-element elementor-element-ce37b2d stratum-testimonial-carousel-align-center stratum-swiper-direction-horizontal elementor-widget elementor-widget-stratum-testimonial-carousel\" data-id=\"ce37b2d\" data-element_type=\"widget\" data-e-type=\"widget\" data-settings=\"{&quot;navigation&quot;:&quot;pagination&quot;,&quot;columns_count&quot;:&quot;1&quot;,&quot;columns_count_tablet&quot;:&quot;1&quot;,&quot;columns_count_mobile&quot;:&quot;1&quot;,&quot;slides_in_columns&quot;:&quot;1&quot;,&quot;slides_in_columns_tablet&quot;:&quot;1&quot;,&quot;slides_in_columns_mobile&quot;:&quot;1&quot;,&quot;slides_to_scroll_tablet&quot;:&quot;1&quot;,&quot;slides_to_scroll_mobile&quot;:&quot;1&quot;,&quot;slider_direction&quot;:&quot;horizontal&quot;,&quot;pagination_style&quot;:&quot;bullets&quot;,&quot;slide_effects&quot;:&quot;slide&quot;,&quot;animation_speed&quot;:300}\" data-widget_type=\"stratum-testimonial-carousel.default\">\n\t\t\t\t<div class=\"elementor-widget-container\">\n\t\t\t\t\t<div class=\"stratum-testimonial-carousel\" data-slider-options=\"{&quot;slidesPerView&quot;:1,&quot;slidesPerColumn&quot;:1,&quot;slidesPerColumnFill&quot;:&quot;row&quot;,&quot;slidesPerGroup&quot;:1,&quot;direction&quot;:&quot;horizontal&quot;,&quot;autoHeight&quot;:false,&quot;keyboard&quot;:false,&quot;mousewheel&quot;:false,&quot;centeredSlides&quot;:false,&quot;spaceBetween&quot;:0,&quot;freeMode&quot;:false,&quot;effect&quot;:&quot;slide&quot;,&quot;autoplay&quot;:false,&quot;autoplayPause&quot;:false,&quot;loop&quot;:false,&quot;speed&quot;:300,&quot;allowTouchMove&quot;:false,&quot;textAnimationDelay&quot;:500,&quot;coverflow_visible&quot;:false,&quot;responsive&quot;:{&quot;slidesPerView_tablet&quot;:1,&quot;slidesPerView_mobile&quot;:1,&quot;slidesPerColumn_tablet&quot;:1,&quot;slidesPerColumn_mobile&quot;:1,&quot;slidesPerGroup_tablet&quot;:1,&quot;slidesPerGroup_mobile&quot;:1,&quot;spaceBetween_tablet&quot;:0,&quot;spaceBetween_mobile&quot;:0},&quot;pagination&quot;:{&quot;el&quot;:&quot;.swiper-pagination&quot;,&quot;type&quot;:&quot;bullets&quot;,&quot;clickable&quot;:true,&quot;dynamicBullets&quot;:false}}\">\n    <div class=\"swiper swiper-container stratum-main-swiper\">\n        <div class=\"swiper-wrapper\">\n\t\t\t                <div class=\"swiper-slide elementor-repeater-item-87d4bd8\">\n                \t<div class=\"stratum-testimonial-carousel__wrapper\">\n\t\t\t\t\t\t<div class=\"stratum-testimonial-carousel__container\">\n\t\t\t\t\t\t\t<div class=\"stratum-testimonial-carousel__container-inner\">\n\t\t\t\t\t\t\t\t<div class=\"stratum-testimonial-carousel__footer\">\n\t\t\t\t\t\t\t\t\t\t\t\t\t\t\t\t\t\t\t<img loading=\"lazy\" decoding=\"async\" width=\"55\" height=\"50\" src=\"https:\/\/casabalmes.com\/wp-content\/uploads\/2020\/11\/logo-light.svg\" alt=\"\" class=\"stratum-testimonial-carousel__image wp-image-24\" srcset=\"\"\/>\n\t\t\t\t\t\t\t\t\t\t\t\t\t\t\t\t\t<\/div>\n\t\t\t\t\t\t\t\t<div class=\"stratum-testimonial-carousel__content\">\n\t\t\t\t\t\t\t\t\t\t<div class=\"stratum-testimonial-carousel__cite \">\n\t\t\t\t\t\t\t\t\t\t<h3 class=\"stratum-testimonial-carousel__heading\">\n\t\t\t\t\t\t\t\t\t\t\tLUCRECIA Uv\t\t\t\t\t\t\t\t\t\t<\/h3>\n\t\t\t\t\t\t\t\t\t\t<span class=\"stratum-testimonial-carousel__subtitle\">\n\t\t\t\t\t\t\t\t\t\t\t\t\t\t\t\t\t\t\t\t\t<\/span>\n\t\t\t\t\t\t\t\t\t\t<\/div>\n\t\t\t\t\t\t\t\t\t<div class=\"stratum-testimonial-carousel__text\">\n\t\t\t\t\t\t\t\t\t\tUn posto molto curato, tranquillo con camere spaziose e confortevoli con un tocco delicato, il personale molto attento a qualsiasi domanda, la colazione \u00e8 completa e varia, hanno un ottimo caff\u00e8 a disposizione dei clienti tutto il giorno, lo ripeteremo senza esitazione.\t\t\t\t\t\t\t\t\t<\/div>\n\t\t\t\t\t\t\t\t<\/div>\n\t\t\t\t\t\t\t<\/div>\n\t\t\t\t\t\t<\/div>\n                \t<\/div>\n                <\/div>\n                            <div class=\"swiper-slide elementor-repeater-item-e16943e\">\n                \t<div class=\"stratum-testimonial-carousel__wrapper\">\n\t\t\t\t\t\t<div class=\"stratum-testimonial-carousel__container\">\n\t\t\t\t\t\t\t<div class=\"stratum-testimonial-carousel__container-inner\">\n\t\t\t\t\t\t\t\t<div class=\"stratum-testimonial-carousel__footer\">\n\t\t\t\t\t\t\t\t\t\t\t\t\t\t\t\t\t\t\t<img loading=\"lazy\" decoding=\"async\" width=\"55\" height=\"50\" src=\"https:\/\/casabalmes.com\/wp-content\/uploads\/2020\/11\/logo-light.svg\" alt=\"\" class=\"stratum-testimonial-carousel__image wp-image-24\" srcset=\"\"\/>\n\t\t\t\t\t\t\t\t\t\t\t\t\t\t\t\t\t<\/div>\n\t\t\t\t\t\t\t\t<div class=\"stratum-testimonial-carousel__content\">\n\t\t\t\t\t\t\t\t\t\t<div class=\"stratum-testimonial-carousel__cite \">\n\t\t\t\t\t\t\t\t\t\t<h3 class=\"stratum-testimonial-carousel__heading\">\n\t\t\t\t\t\t\t\t\t\t\tkeyla pln\t\t\t\t\t\t\t\t\t\t<\/h3>\n\t\t\t\t\t\t\t\t\t\t<span class=\"stratum-testimonial-carousel__subtitle\">\n\t\t\t\t\t\t\t\t\t\t\t\t\t\t\t\t\t\t\t\t\t<\/span>\n\t\t\t\t\t\t\t\t\t\t<\/div>\n\t\t\t\t\t\t\t\t\t<div class=\"stratum-testimonial-carousel__text\">\n\t\t\t\t\t\t\t\t\t\t\u00c8 un posto incantevole. Quando sono arrivato non mi \u00e8 sembrato un granch\u00e9, visto l'ingresso, ma non appena sono arrivato al piano di Casa Balmes, \u00e8 stato divino dall'inizio alla fine, il servizio di Danielle \u00e8 stato fantastico.\t\t\t\t\t\t\t\t\t<\/div>\n\t\t\t\t\t\t\t\t<\/div>\n\t\t\t\t\t\t\t<\/div>\n\t\t\t\t\t\t<\/div>\n                \t<\/div>\n                <\/div>\n                            <div class=\"swiper-slide elementor-repeater-item-e78df6d\">\n                \t<div class=\"stratum-testimonial-carousel__wrapper\">\n\t\t\t\t\t\t<div class=\"stratum-testimonial-carousel__container\">\n\t\t\t\t\t\t\t<div class=\"stratum-testimonial-carousel__container-inner\">\n\t\t\t\t\t\t\t\t<div class=\"stratum-testimonial-carousel__footer\">\n\t\t\t\t\t\t\t\t\t\t\t\t\t\t\t\t\t\t\t<img loading=\"lazy\" decoding=\"async\" width=\"55\" height=\"50\" src=\"https:\/\/casabalmes.com\/wp-content\/uploads\/2020\/11\/logo-light.svg\" alt=\"\" class=\"stratum-testimonial-carousel__image wp-image-24\" srcset=\"\"\/>\n\t\t\t\t\t\t\t\t\t\t\t\t\t\t\t\t\t<\/div>\n\t\t\t\t\t\t\t\t<div class=\"stratum-testimonial-carousel__content\">\n\t\t\t\t\t\t\t\t\t\t<div class=\"stratum-testimonial-carousel__cite \">\n\t\t\t\t\t\t\t\t\t\t<h3 class=\"stratum-testimonial-carousel__heading\">\n\t\t\t\t\t\t\t\t\t\t\tMariela Gambino\t\t\t\t\t\t\t\t\t\t<\/h3>\n\t\t\t\t\t\t\t\t\t\t<span class=\"stratum-testimonial-carousel__subtitle\">\n\t\t\t\t\t\t\t\t\t\t\t\t\t\t\t\t\t\t\t\t\t<\/span>\n\t\t\t\t\t\t\t\t\t\t<\/div>\n\t\t\t\t\t\t\t\t\t<div class=\"stratum-testimonial-carousel__text\">\n\t\t\t\t\t\t\t\t\t\tExcelente ubicaci\u00f3n. El desayuno es muy bueno y las habitaciones muy c\u00f3modas y con un agradable dise\u00f1o en cuanto a la ambientaci\u00f3n.\t\t\t\t\t\t\t\t\t<\/div>\n\t\t\t\t\t\t\t\t<\/div>\n\t\t\t\t\t\t\t<\/div>\n\t\t\t\t\t\t<\/div>\n                \t<\/div>\n                <\/div>\n            \t\t<\/div>\t\t\t\t<div class=\"swiper-pagination\"><\/div>\n\t\t\t    <\/div><\/div>\n\t\t\t\t<\/div>\n\t\t\t\t<\/div>\n\t\t\t\t\t<\/div>\n\t\t<\/div>\n\t\t\t\t\t<\/div>\n\t\t<\/section>\n\t\t\t\t<\/div>\n\t\t","protected":false},"excerpt":{"rendered":"<p>Vivi il Mediterraneo, vivi in \u200b\u200buna delle citt\u00e0 pi\u00f9 cosmopolite del mondo. Vieni a Barcellona, \u200b\u200bla tua citt\u00e0. Potrete godere di una vasta gamma di attivit\u00e0 culturali, gastronomiche e artistiche. Barcellona non lascia nessuno indifferente e allo stesso tempo seduce qualsiasi visitatore. Scoprite Gaud\u00ed, Picasso, Mir\u00f3, la cucina catalana e mediterranea, oppure partecipate a uno [&hellip;]<\/p>\n","protected":false},"author":1,"featured_media":0,"parent":0,"menu_order":0,"comment_status":"closed","ping_status":"closed","template":"template-front-page.php","meta":{"inline_featured_image":false,"footnotes":""},"class_list":["post-1112","page","type-page","status-publish","hentry"],"_links":{"self":[{"href":"https:\/\/casabalmes.com\/it\/wp-json\/wp\/v2\/pages\/1112","targetHints":{"allow":["GET"]}}],"collection":[{"href":"https:\/\/casabalmes.com\/it\/wp-json\/wp\/v2\/pages"}],"about":[{"href":"https:\/\/casabalmes.com\/it\/wp-json\/wp\/v2\/types\/page"}],"author":[{"embeddable":true,"href":"https:\/\/casabalmes.com\/it\/wp-json\/wp\/v2\/users\/1"}],"replies":[{"embeddable":true,"href":"https:\/\/casabalmes.com\/it\/wp-json\/wp\/v2\/comments?post=1112"}],"version-history":[{"count":1,"href":"https:\/\/casabalmes.com\/it\/wp-json\/wp\/v2\/pages\/1112\/revisions"}],"predecessor-version":[{"id":1113,"href":"https:\/\/casabalmes.com\/it\/wp-json\/wp\/v2\/pages\/1112\/revisions\/1113"}],"wp:attachment":[{"href":"https:\/\/casabalmes.com\/it\/wp-json\/wp\/v2\/media?parent=1112"}],"curies":[{"name":"wp","href":"https:\/\/api.w.org\/{rel}","templated":true}]}}